{"id":2234,"date":"2018-04-25T14:57:44","date_gmt":"2018-04-25T13:57:44","guid":{"rendered":"http:\/\/serauto.net\/nuevo\/?page_id=2234"},"modified":"2018-06-07T06:32:06","modified_gmt":"2018-06-07T05:32:06","slug":"kassbohrer","status":"publish","type":"page","link":"https:\/\/serauto.net\/nuevo\/index.php\/kassbohrer\/","title":{"rendered":"Kassbohrer"},"content":{"rendered":"<section class='page-content' style=''  ><section class='container'><div class='row' style=''><div class='col-md-3 empty' style='' ><\/div><div class='col-md-6 ' style='' ><div class='cma-wysiwyg-editor'><p><strong>KASSBOHRER, <\/strong>es un fabricante alem\u00e1n de semirremolques que desarrolla su actividad desde 1893.<\/p><p>Desde el a\u00f1o 2017 comercializa su amplio cat\u00e1logo de plataformas en Espa\u00f1a; siendo SERAUTO TRUCK BUS, el responsable de toda la zona centro.<\/p><p>Entre sus productos podemos destacar las <strong><em>tauliner y semitauliner<\/em><\/strong> de lonas correderas XL y techo elevable.<\/p><p>Los <strong><em>frigor\u00edficos<\/em><\/strong> construidos en fibra tanto mono como multitemperatura, equipados con las mejores marcas de equipos de frio (Carrier, Thermoking\u2026).<\/p><p>Las <strong><em>ba\u00f1eras<\/em><\/strong> de obra con capacidad para 24 \u00f3 27 M<sup>3<\/sup> y la gama de <strong><em>cisternas<\/em><\/strong> para transporte de productos alimentarios y de mercanc\u00edas peligrosas.<\/p><p>Todos los veh\u00edculos vienen fabricados con los mejores componentes (BPW, SAF, WABCO, EDSCHA)<\/p><\/div><a href='https:\/\/www.kaessbohrer.com\/es' class='btn custom-color btn-big btn-centered' target=\"_BLANK\" style='background: #dd3333;'><span> Ver la gama completa<\/span><\/a><div class='clearfix'><\/div><\/div><div class='col-md-3 empty' style='' ><\/div><\/div><\/section><\/section><section class='page-content' style=''  ><section class='container'><div class='row' style=''><div class='col-md-12 ' style='' ><div class='hr-simple  short'><span class='hr-simple-circle'><\/span><\/div><\/div><\/div><div class='row' style=''><div class='col-md-3 ' style='' ><img src='https:\/\/serauto.net\/nuevo\/wp-content\/uploads\/2018\/04\/logo-iqnet-150x150.jpg' class='center' title='logo-iqnet' alt='logo-iqnet' width='150' height='150'\/><div class='clearfix'><\/div><\/div><div class='col-md-3 ' style='' ><img src='https:\/\/serauto.net\/nuevo\/wp-content\/uploads\/2018\/04\/logo-aenor-gestion-amb-150x150.jpg' class='center' title='logo-aenor-gestion-amb' alt='logo-aenor-gestion-amb' width='150' height='150'\/><div class='clearfix'><\/div><\/div><div class='col-md-3 ' style='' ><img src='https:\/\/serauto.net\/nuevo\/wp-content\/uploads\/2018\/04\/logo-aenor-66102-150x150.jpg' class='center' title='logo-aenor-66102' alt='logo-aenor-66102' width='150' height='150'\/><div class='clearfix'><\/div><\/div><div class='col-md-3 ' style='' ><img src='https:\/\/serauto.net\/nuevo\/wp-content\/uploads\/2018\/04\/logo-aenor-9001-150x150.jpg' class='center' title='logo-aenor-9001' alt='logo-aenor-9001' width='150' height='150'\/><div class='clearfix'><\/div><\/div><\/div><\/section><\/section>\n","protected":false},"excerpt":{"rendered":"","protected":false},"author":4,"featured_media":0,"parent":0,"menu_order":0,"comment_status":"closed","ping_status":"closed","template":"","meta":{"footnotes":""},"class_list":["post-2234","page","type-page","status-publish","hentry"],"aioseo_notices":[],"meta_box":{"pg_title_style":"1","pg_sidebar":"fullwidth","pg_sidebar_generator":"new","pg_sidebar_name":"volcanno-sidebar-1","pg_hide_title":"0","pg_page_description":"Concesionario Oficial Ka\u0308ssbohrer","pg_subtitle":"","pg_subtitle_under":"","pg_title_color":"","pg_title_image":[{"width":150,"height":150,"file":"2018\/04\/k1-1600x550.jpg","sizes":{"thumbnail":{"file":"k1-1600x550-150x150.jpg","width":150,"height":150,"mime-type":"image\/jpeg","url":"https:\/\/serauto.net\/nuevo\/wp-content\/uploads\/2018\/04\/k1-1600x550-150x150.jpg"},"medium":{"file":"k1-1600x550-300x103.jpg","width":300,"height":103,"mime-type":"image\/jpeg","url":"https:\/\/serauto.net\/nuevo\/wp-content\/uploads\/2018\/04\/k1-1600x550-300x103.jpg"},"medium_large":{"file":"k1-1600x550-768x264.jpg","width":768,"height":264,"mime-type":"image\/jpeg","url":"https:\/\/serauto.net\/nuevo\/wp-content\/uploads\/2018\/04\/k1-1600x550-768x264.jpg"},"large":{"file":"k1-1600x550-1024x352.jpg","width":1024,"height":352,"mime-type":"image\/jpeg","url":"https:\/\/serauto.net\/nuevo\/wp-content\/uploads\/2018\/04\/k1-1600x550-1024x352.jpg"}},"image_meta":{"aperture":"0","credit":"","camera":"","caption":"","created_timestamp":"0","copyright":"","focal_length":"0","iso":"0","shutter_speed":"0","title":"","orientation":"0","keywords":[]},"ID":"2284","name":"k1-1600x550.jpg","path":"H:\\webspace\\hostings\\serauto.net\\hosting\\www\\nuevo\/wp-content\/uploads\/2018\/04\/k1-1600x550.jpg","url":"https:\/\/serauto.net\/nuevo\/wp-content\/uploads\/2018\/04\/k1-1600x550-150x150.jpg","full_url":"https:\/\/serauto.net\/nuevo\/wp-content\/uploads\/2018\/04\/k1-1600x550.jpg","title":"k1-1600x550","caption":"","description":"","alt":"","srcset":false}],"pg_title_image_right":[],"pg_title_icon":"","pg_portfolio_style":"1-col","pg_portfolio_hover_style":"simple","pg_hide_editor_content":"0","pg_gallery_style":"2-col","pg_gallery_hover_style":"simple","pg_portfolio_gallery_order":"ASC","pg_portfolio_gallery_order_by":"id","pg_portfolio_gallery_pagination":"12","pg_portfolio_gallery_lightbox_options":"animated","pg_portfolio_gallery_project_images":"0","pg_portfolio_gallery_include_cats":[],"pg_single_page_title":"1","pg_single_title":"0","pg_single_hide_categories":"0","pg_single_show_hide_button":"0","pg_single_button_text":"","pg_single_button_url":"","pg_single_slider_type":"classic","pg_single_revolution_alias":"","pg_single_slider_size":"8","pg_single_slider_autoslide":"0","pg_single_slider_hide_arrows":"0","pg_single_image_cropping":"1","pg_single_slider_height":"","pg_single_related_hide":"0","pg_single_related_posts_title":"","pg_single_related_posts_subtitle":"","pg_single_related_posts_number":"5","pg_single_related_posts_filter":"latest"},"_links":{"self":[{"href":"https:\/\/serauto.net\/nuevo\/index.php\/wp-json\/wp\/v2\/pages\/2234","targetHints":{"allow":["GET"]}}],"collection":[{"href":"https:\/\/serauto.net\/nuevo\/index.php\/wp-json\/wp\/v2\/pages"}],"about":[{"href":"https:\/\/serauto.net\/nuevo\/index.php\/wp-json\/wp\/v2\/types\/page"}],"author":[{"embeddable":true,"href":"https:\/\/serauto.net\/nuevo\/index.php\/wp-json\/wp\/v2\/users\/4"}],"replies":[{"embeddable":true,"href":"https:\/\/serauto.net\/nuevo\/index.php\/wp-json\/wp\/v2\/comments?post=2234"}],"version-history":[{"count":6,"href":"https:\/\/serauto.net\/nuevo\/index.php\/wp-json\/wp\/v2\/pages\/2234\/revisions"}],"predecessor-version":[{"id":2332,"href":"https:\/\/serauto.net\/nuevo\/index.php\/wp-json\/wp\/v2\/pages\/2234\/revisions\/2332"}],"wp:attachment":[{"href":"https:\/\/serauto.net\/nuevo\/index.php\/wp-json\/wp\/v2\/media?parent=2234"}],"curies":[{"name":"wp","href":"https:\/\/api.w.org\/{rel}","templated":true}]}}